{"id":2264,"date":"2018-07-13T12:18:55","date_gmt":"2018-07-13T12:18:55","guid":{"rendered":"https:\/\/www.rehan.de\/contact\/"},"modified":"2020-01-27T20:58:11","modified_gmt":"2020-01-27T19:58:11","slug":"contact","status":"publish","type":"page","link":"https:\/\/www.rehan.de\/en\/contact\/","title":{"rendered":"Contact"},"content":{"rendered":"<section class=\"l-section wpb_row height_medium header-slider\" id=\"map-header\"><div class=\"l-section-h i-cf\"><div class=\"g-cols vc_row type_default valign_top\"><div class=\"vc_col-sm-12 wpb_column vc_column_container\"><div class=\"vc_column-inner\"><div class=\"wpb_wrapper\"><div class=\"w-map provider_google us_map_1\" id=\"us_map_1\" style=\"height:600px;\"><div class=\"w-map-json\" onclick='return {&quot;address&quot;:&quot;51.782921,5.534725&quot;,&quot;markers&quot;:[{&quot;address&quot;:&quot;51.782921,5.534725&quot;,&quot;html&quot;:&quot;Van Lent System\\nDommelstraat 34\\n5347 JL Oss&quot;,&quot;infowindow&quot;:false}],&quot;zoom&quot;:14,&quot;maptype&quot;:&quot;TERRAIN&quot;,&quot;icon&quot;:{&quot;url&quot;:&quot;https:\\\/\\\/www.rehan.de\\\/wp-content\\\/uploads\\\/2018\\\/08\\\/favicon-vanlentsystems.svg&quot;,&quot;size&quot;:[50,50]},&quot;height&quot;:&quot;600&quot;,&quot;hideControls&quot;:true,&quot;disableZoom&quot;:true}'><\/div><\/div><div class=\"g-cols wpb_row  type_default valign_top vc_inner contact-row-maps \"><div class=\"vc_col-sm-3 wpb_column vc_column_container has-fill contact-maps\"><div class=\"vc_column-inner  vc_custom_1531922929275\"><div class=\"wpb_wrapper\">\r\n\t<div class=\"wpb_text_column \">\r\n\t\t<div class=\"wpb_wrapper\">\r\n\t\t\t<div class=\"bezoekadres\">\n<p><strong>Visiting address<\/strong><\/p>\n<p>Rehan Medizinger\u00e4te Handels GmbH<br \/>\nIm Teelbruch 104<br \/>\n45219 Essen<br \/>\nGesch\u00e4ftsf\u00fchrerin: Judith van Doren<\/p>\n<\/div>\n<div class=\"contactgegevens\">\n<p><strong>Contact details<\/strong><\/p>\n<p>Telephone: +49 (0) 2054 1245 799<br \/>\nFax: +49 (0) 2054 1245 798<br \/>\nE-mail: <a href=\"mailto:info@rehan.de\">info@rehan.de<\/a><\/p>\n<p>Umsatzsteuer-ID: DE 179871312<br \/>\nIK-Nr.: 590513306<br \/>\nIBAN: DE85 3601 0043 0609 3224 39<br \/>\nBIC: NKDEFF<\/p>\n<p><strong>Opening hours<\/strong><\/p>\n<p>Mondays through Fridays<br \/>\n08:00 \u2013 16:00<\/p>\n<\/div>\n\r\n\t\t<\/div>\r\n\t<\/div>\r\n<\/div><\/div><\/div><\/div><\/div><\/div><\/div><\/div><\/div><\/section><section class=\"l-section wpb_row height_large contact-form-row\"><div class=\"l-section-h i-cf\"><div class=\"g-cols vc_row type_default valign_top\"><div class=\"vc_col-sm-12 wpb_column vc_column_container\"><div class=\"vc_column-inner\"><div class=\"wpb_wrapper\">[vc_custom_heading text=&#8221;You are welcome to contact us.&#8221; font_container=&#8221;tag:h2|font_size:36px|text_align:center|color:%23ffffff&#8221; use_theme_fonts=&#8221;yes&#8221;]\n<div class=\"wpcf7 no-js\" id=\"wpcf7-f3157-o1\" lang=\"nl-NL\" dir=\"ltr\" data-wpcf7-id=\"3157\">\n<div class=\"screen-reader-response\"><p role=\"status\" aria-live=\"polite\" aria-atomic=\"true\"><\/p> <ul><\/ul><\/div>\n<form action=\"\/en\/wp-json\/wp\/v2\/pages\/2264#wpcf7-f3157-o1\" method=\"post\" class=\"wpcf7-form init\" aria-label=\"Contactformulier\" novalidate=\"novalidate\" data-status=\"init\">\n<fieldset class=\"hidden-fields-container\"><input type=\"hidden\" name=\"_wpcf7\" value=\"3157\" \/><input type=\"hidden\" name=\"_wpcf7_version\" value=\"6.1.5\" \/><input type=\"hidden\" name=\"_wpcf7_locale\" value=\"nl_NL\" \/><input type=\"hidden\" name=\"_wpcf7_unit_tag\" value=\"wpcf7-f3157-o1\" \/><input type=\"hidden\" name=\"_wpcf7_container_post\" value=\"0\" \/><input type=\"hidden\" name=\"_wpcf7_posted_data_hash\" value=\"\" \/><input type=\"hidden\" name=\"_wpcf7_recaptcha_response\" value=\"\" \/>\n<\/fieldset>\n<div class=\"g-cols vc_row type_default valign_top\">\n\t<div class = \"vc_col-sm-1 wpb_column name-column\">\n\t<\/div>\n\t<div class = \"vc_col-sm-3 wpb_column name-column\">\n\t\t<div class=\"vc_column-inner\">\n\t\t\t<p><span class=\"wpcf7-form-control-wrap\" data-name=\"your-name\"><input size=\"40\" maxlength=\"400\" class=\"wpcf7-form-control wpcf7-text wpcf7-validates-as-required\" aria-required=\"true\" aria-invalid=\"false\" placeholder=\"Your name\" value=\"\" type=\"text\" name=\"your-name\" \/><\/span><br \/>\n<span class=\"wpcf7-form-control-wrap\" data-name=\"your-email\"><input size=\"40\" maxlength=\"400\" class=\"wpcf7-form-control wpcf7-email wpcf7-validates-as-required wpcf7-text wpcf7-validates-as-email\" aria-required=\"true\" aria-invalid=\"false\" placeholder=\"Emailaddress\" value=\"\" type=\"email\" name=\"your-email\" \/><\/span><br \/>\n<span class=\"wpcf7-form-control-wrap\" data-name=\"phone\"><input size=\"40\" maxlength=\"400\" class=\"wpcf7-form-control wpcf7-text wpcf7-validates-as-required\" aria-required=\"true\" aria-invalid=\"false\" placeholder=\"Phone number\" value=\"\" type=\"text\" name=\"phone\" \/><\/span>\n\t\t\t<\/p>\n\t\t<\/div>\n\t<\/div>\n\t<div class = \"vc_col-sm-4 wpb_column email-column\">\n\t\t<div class=\"vc_column-inner\">\n\t\t\t<p><span class=\"wpcf7-form-control-wrap\" data-name=\"question\"><textarea cols=\"40\" rows=\"10\" maxlength=\"2000\" class=\"wpcf7-form-control wpcf7-textarea wpcf7-validates-as-required\" aria-required=\"true\" aria-invalid=\"false\" placeholder=\"Questions\/remarks\" name=\"question\"><\/textarea><\/span>\n\t\t\t<\/p>\n\t\t<\/div>\n\t<\/div>\n\t<div class = \"vc_col-sm-4 wpb_column submit-column\">\n\t\t<div class=\"vc_column-inner\">\n\t\t\t<p><span class=\"wpcf7-form-control-wrap\" data-name=\"acceptance-51\"><span class=\"wpcf7-form-control wpcf7-acceptance\"><span class=\"wpcf7-list-item\"><label><input type=\"checkbox\" name=\"acceptance-51\" value=\"1\" aria-invalid=\"false\" \/><span class=\"wpcf7-list-item-label\">I agree to the storage of my data<\/span><\/label><\/span><\/span><\/span>\n\t\t\t<\/p>\n\t\t\t<p><button class=\"btn-green btn-solid btn-200\" id=\"send-form\" type=\"submit\"> Send<\/button>\n\t\t\t<\/p>\n\t\t<\/div>\n\t<\/div>\n<\/div><div class=\"wpcf7-response-output\" aria-hidden=\"true\"><\/div>\n<\/form>\n<\/div>\n<\/div><\/div><\/div><\/div><\/div><\/section><!-- Row Backgrounds --><div class=\"upb_color\" data-bg-override=\"0\" data-bg-color=\"#009add\" data-fadeout=\"\" data-fadeout-percentage=\"30\" data-parallax-content=\"\" data-parallax-content-sense=\"30\" data-row-effect-mobile-disable=\"true\" data-img-parallax-mobile-disable=\"true\" data-rtl=\"false\"  data-custom-vc-row=\"\"  data-vc=\"5.5.5\"  data-is_old_vc=\"\"  data-theme-support=\"\"   data-overlay=\"false\" data-overlay-color=\"\" data-overlay-pattern=\"\" data-overlay-pattern-opacity=\"\" data-overlay-pattern-size=\"\"    ><\/div>\n","protected":false},"excerpt":{"rendered":"Visiting address Rehan Medizinger\u00e4te Handels GmbH Im Teelbruch 104 45219 Essen Gesch\u00e4ftsf\u00fchrerin: Judith van Doren Contact details Telephone: +49 (0) 2054 1245 799 Fax: +49 (0) 2054 1245 798 E-mail: info@rehan.de Umsatzsteuer-ID: DE 179871312 IK-Nr.: 590513306 IBAN: DE85 3601 0043 0609 3224 39 BIC: NKDEFF Opening hours Mondays through Fridays 08:00 \u2013 16:00 [vc_custom_heading text=\"You...","protected":false},"author":1,"featured_media":0,"parent":0,"menu_order":0,"comment_status":"closed","ping_status":"closed","template":"","meta":{"inline_featured_image":false,"_monsterinsights_skip_tracking":false,"_monsterinsights_sitenote_active":false,"_monsterinsights_sitenote_note":"","_monsterinsights_sitenote_category":0,"footnotes":""},"class_list":["post-2264","page","type-page","status-publish","hentry"],"yoast_head":"<!-- This site is optimized with the Yoast SEO plugin v27.5 - https:\/\/yoast.com\/product\/yoast-seo-wordpress\/ -->\n<title>Contact - Rehan Medizinger\u00e4te Handels GmbH<\/title>\n<meta name=\"robots\" content=\"index, follow, max-snippet:-1, max-image-preview:large, max-video-preview:-1\" \/>\n<link rel=\"canonical\" href=\"https:\/\/www.rehan.de\/en\/contact\/\" \/>\n<meta property=\"og:locale\" content=\"en_US\" \/>\n<meta property=\"og:type\" content=\"article\" \/>\n<meta property=\"og:title\" content=\"Contact - Rehan Medizinger\u00e4te Handels GmbH\" \/>\n<meta property=\"og:url\" content=\"https:\/\/www.rehan.de\/en\/contact\/\" \/>\n<meta property=\"og:site_name\" content=\"Rehan Medizinger\u00e4te Handels GmbH\" \/>\n<meta property=\"article:modified_time\" content=\"2020-01-27T19:58:11+00:00\" \/>\n<meta name=\"twitter:card\" content=\"summary_large_image\" \/>\n<meta name=\"twitter:label1\" content=\"Est. reading time\" \/>\n\t<meta name=\"twitter:data1\" content=\"1 minute\" \/>\n<script type=\"application\/ld+json\" class=\"yoast-schema-graph\">{\"@context\":\"https:\\\/\\\/schema.org\",\"@graph\":[{\"@type\":\"WebPage\",\"@id\":\"https:\\\/\\\/www.rehan.de\\\/en\\\/contact\\\/\",\"url\":\"https:\\\/\\\/www.rehan.de\\\/en\\\/contact\\\/\",\"name\":\"Contact - Rehan Medizinger\u00e4te Handels GmbH\",\"isPartOf\":{\"@id\":\"https:\\\/\\\/www.rehan.de\\\/en\\\/#website\"},\"datePublished\":\"2018-07-13T12:18:55+00:00\",\"dateModified\":\"2020-01-27T19:58:11+00:00\",\"breadcrumb\":{\"@id\":\"https:\\\/\\\/www.rehan.de\\\/en\\\/contact\\\/#breadcrumb\"},\"inLanguage\":\"en-US\",\"potentialAction\":[{\"@type\":\"ReadAction\",\"target\":[\"https:\\\/\\\/www.rehan.de\\\/en\\\/contact\\\/\"]}]},{\"@type\":\"BreadcrumbList\",\"@id\":\"https:\\\/\\\/www.rehan.de\\\/en\\\/contact\\\/#breadcrumb\",\"itemListElement\":[{\"@type\":\"ListItem\",\"position\":1,\"name\":\"Home\",\"item\":\"https:\\\/\\\/www.rehan.de\\\/en\\\/\"},{\"@type\":\"ListItem\",\"position\":2,\"name\":\"Contact\"}]},{\"@type\":\"WebSite\",\"@id\":\"https:\\\/\\\/www.rehan.de\\\/en\\\/#website\",\"url\":\"https:\\\/\\\/www.rehan.de\\\/en\\\/\",\"name\":\"Rehan Medizinger\u00e4te Handels GmbH\",\"description\":\"\",\"potentialAction\":[{\"@type\":\"SearchAction\",\"target\":{\"@type\":\"EntryPoint\",\"urlTemplate\":\"https:\\\/\\\/www.rehan.de\\\/en\\\/?s={search_term_string}\"},\"query-input\":{\"@type\":\"PropertyValueSpecification\",\"valueRequired\":true,\"valueName\":\"search_term_string\"}}],\"inLanguage\":\"en-US\"}]}<\/script>\n<!-- \/ Yoast SEO plugin. -->","yoast_head_json":{"title":"Contact - Rehan Medizinger\u00e4te Handels GmbH","robots":{"index":"index","follow":"follow","max-snippet":"max-snippet:-1","max-image-preview":"max-image-preview:large","max-video-preview":"max-video-preview:-1"},"canonical":"https:\/\/www.rehan.de\/en\/contact\/","og_locale":"en_US","og_type":"article","og_title":"Contact - Rehan Medizinger\u00e4te Handels GmbH","og_url":"https:\/\/www.rehan.de\/en\/contact\/","og_site_name":"Rehan Medizinger\u00e4te Handels GmbH","article_modified_time":"2020-01-27T19:58:11+00:00","twitter_card":"summary_large_image","twitter_misc":{"Est. reading time":"1 minute"},"schema":{"@context":"https:\/\/schema.org","@graph":[{"@type":"WebPage","@id":"https:\/\/www.rehan.de\/en\/contact\/","url":"https:\/\/www.rehan.de\/en\/contact\/","name":"Contact - Rehan Medizinger\u00e4te Handels GmbH","isPartOf":{"@id":"https:\/\/www.rehan.de\/en\/#website"},"datePublished":"2018-07-13T12:18:55+00:00","dateModified":"2020-01-27T19:58:11+00:00","breadcrumb":{"@id":"https:\/\/www.rehan.de\/en\/contact\/#breadcrumb"},"inLanguage":"en-US","potentialAction":[{"@type":"ReadAction","target":["https:\/\/www.rehan.de\/en\/contact\/"]}]},{"@type":"BreadcrumbList","@id":"https:\/\/www.rehan.de\/en\/contact\/#breadcrumb","itemListElement":[{"@type":"ListItem","position":1,"name":"Home","item":"https:\/\/www.rehan.de\/en\/"},{"@type":"ListItem","position":2,"name":"Contact"}]},{"@type":"WebSite","@id":"https:\/\/www.rehan.de\/en\/#website","url":"https:\/\/www.rehan.de\/en\/","name":"Rehan Medizinger\u00e4te Handels GmbH","description":"","potentialAction":[{"@type":"SearchAction","target":{"@type":"EntryPoint","urlTemplate":"https:\/\/www.rehan.de\/en\/?s={search_term_string}"},"query-input":{"@type":"PropertyValueSpecification","valueRequired":true,"valueName":"search_term_string"}}],"inLanguage":"en-US"}]}},"_links":{"self":[{"href":"https:\/\/www.rehan.de\/en\/wp-json\/wp\/v2\/pages\/2264","targetHints":{"allow":["GET"]}}],"collection":[{"href":"https:\/\/www.rehan.de\/en\/wp-json\/wp\/v2\/pages"}],"about":[{"href":"https:\/\/www.rehan.de\/en\/wp-json\/wp\/v2\/types\/page"}],"author":[{"embeddable":true,"href":"https:\/\/www.rehan.de\/en\/wp-json\/wp\/v2\/users\/1"}],"replies":[{"embeddable":true,"href":"https:\/\/www.rehan.de\/en\/wp-json\/wp\/v2\/comments?post=2264"}],"version-history":[{"count":31,"href":"https:\/\/www.rehan.de\/en\/wp-json\/wp\/v2\/pages\/2264\/revisions"}],"predecessor-version":[{"id":4626,"href":"https:\/\/www.rehan.de\/en\/wp-json\/wp\/v2\/pages\/2264\/revisions\/4626"}],"wp:attachment":[{"href":"https:\/\/www.rehan.de\/en\/wp-json\/wp\/v2\/media?parent=2264"}],"curies":[{"name":"wp","href":"https:\/\/api.w.org\/{rel}","templated":true}]}}